{"id":209,"date":"2013-02-03T14:54:18","date_gmt":"2013-02-03T12:54:18","guid":{"rendered":"http:\/\/www.mvettingen.ch\/?page_id=209"},"modified":"2025-12-14T15:51:16","modified_gmt":"2025-12-14T14:51:16","slug":"homepage-des-musikverein-ettingen","status":"publish","type":"page","link":"https:\/\/www.mvettingen.ch\/?page_id=209","title":{"rendered":"Musikverein Ettingen, seit 1925"},"content":{"rendered":"\n<h3 class=\"wp-block-heading\">100 Jahre Musikverein Ettingen<\/h3>\n\n\n\n<p>Am 14. Juni 2025 feierte der Musikverein Ettingen sein 100-j\u00e4hriges Jubil\u00e4um.<\/p>\n\n\n\n<p>Am <strong>Samstag, den 13. Dezember 2025<\/strong>, stand der zweite H\u00f6hepunkt des Jubil\u00e4umsjahres an. Das Konzert zur Neu-Uniformierung.<\/p>\n\n\n\n<p>Mit dem Konzert zur Neu-Uniformierung wird dieses besondere Jahr geb\u00fchrend abgeschlossen.<br><a href=\"https:\/\/www.mvettingen.ch\/?page_id=391459\" data-type=\"page\" data-id=\"391459\">Weitere Informationen.<\/a><\/p>\n\n\n\n<p>Unterst\u00fctzen Sie uns mit Ihrer Spende per Twint<\/p>\n\n\n\n<div id=\"rnw-paylink-button-xtpzc\"><\/div>\n<script type=\"module\">\n  import {TwintButton} from \"https:\/\/unpkg.com\/@raisenow\/paylink-button@2\/dist\/TwintButton.js\"\n  TwintButton.render(\"#rnw-paylink-button-xtpzc\", {\n    \"solution-id\": \"xtpzc\",\n    \"solution-type\": \"donate\",\n    \"language\": \"de\",\n    \"size\": \"large\",\n    \"width\": \"fixed\",\n    \"color-scheme\": \"dark\",\n  })\n<\/script>\n\n\n\n<div style=\"height:33px\" aria-hidden=\"true\" class=\"wp-block-spacer\"><\/div>\n\n\n\n<h3 class=\"wp-block-heading\">Jahresprogramm<\/h3>\n\n\n\n<ul class=\"wp-block-list\">\n<li><strong><a href=\"https:\/\/www.mvettingen.ch\/?page_id=122\" data-type=\"page\" data-id=\"122\">Jahresprogramm 2025<\/a><\/strong><\/li>\n<\/ul>\n\n\n\n<div style=\"height:67px\" aria-hidden=\"true\" class=\"wp-block-spacer\"><\/div>\n\n\n\n<h2 class=\"wp-block-heading\">Unsere Sponsoren f\u00fcr die Neu-Uniformierung<\/h2>\n\n\n\n<div class=\"wp-block-group is-layout-grid wp-container-core-group-is-layout-9649a0d9 wp-block-group-is-layout-grid\">\n<figure class=\"wp-block-image size-full\"><a href=\"https:\/\/share.google\/UNOGzEED73weWFq9k\"><img loading=\"lazy\" decoding=\"async\" width=\"253\" height=\"94\" src=\"https:\/\/www.mvettingen.ch\/wp-content\/uploads\/2025\/10\/Logo-Sponsoren4.jpg\" alt=\"\" class=\"wp-image-391491\"\/><\/a><\/figure>\n\n\n\n<figure class=\"wp-block-image size-full wp-container-content-69bc4bdf\"><a href=\"https:\/\/jeker-beck.ch\/\"><img loading=\"lazy\" decoding=\"async\" width=\"236\" height=\"94\" src=\"https:\/\/www.mvettingen.ch\/wp-content\/uploads\/2025\/10\/Logo-Sponsoren5.jpg\" alt=\"\" class=\"wp-image-391490\"\/><\/a><\/figure>\n\n\n\n<figure class=\"wp-block-image size-full\"><a href=\"https:\/\/www.thuering-spenglerei.ch\/\"><img loading=\"lazy\" decoding=\"async\" width=\"162\" height=\"105\" src=\"https:\/\/www.mvettingen.ch\/wp-content\/uploads\/2025\/10\/Logo-Sponsoren6.jpg\" alt=\"\" class=\"wp-image-391489\"\/><\/a><\/figure>\n\n\n\n<figure class=\"wp-block-image size-full\"><img loading=\"lazy\" decoding=\"async\" width=\"204\" height=\"86\" src=\"https:\/\/www.mvettingen.ch\/wp-content\/uploads\/2025\/10\/Logo-Sponsoren7.jpg\" alt=\"\" class=\"wp-image-391488\"\/><\/figure>\n<\/div>\n\n\n\n<div class=\"wp-block-group is-layout-grid wp-container-core-group-is-layout-9649a0d9 wp-block-group-is-layout-grid\">\n<figure class=\"wp-block-image size-full\"><a href=\"https:\/\/www.gebr-stoecklin.ch\/\"><img loading=\"lazy\" decoding=\"async\" width=\"294\" height=\"100\" src=\"https:\/\/www.mvettingen.ch\/wp-content\/uploads\/2025\/10\/Logo-Sponsoren8.jpg\" alt=\"\" class=\"wp-image-391487\"\/><\/a><\/figure>\n\n\n\n<figure class=\"wp-block-image size-full wp-container-content-69bc4bdf\"><a href=\"https:\/\/zimmerei-stoecklin.ch\/\"><img loading=\"lazy\" decoding=\"async\" width=\"205\" height=\"50\" src=\"https:\/\/www.mvettingen.ch\/wp-content\/uploads\/2025\/10\/Logo-Sponsoren1.jpg\" alt=\"\" class=\"wp-image-391494\"\/><\/a><\/figure>\n\n\n\n<figure class=\"wp-block-image size-full\"><img loading=\"lazy\" decoding=\"async\" width=\"185\" height=\"103\" src=\"https:\/\/www.mvettingen.ch\/wp-content\/uploads\/2025\/10\/Logo-Sponsoren9.jpg\" alt=\"\" class=\"wp-image-391486\"\/><\/figure>\n\n\n\n<figure class=\"wp-block-image size-full\"><a href=\"https:\/\/www.blkb.ch\/\"><img loading=\"lazy\" decoding=\"async\" width=\"200\" height=\"90\" src=\"https:\/\/www.mvettingen.ch\/wp-content\/uploads\/2025\/10\/Logo-Sponsoren2.jpg\" alt=\"\" class=\"wp-image-391493\"\/><\/a><\/figure>\n<\/div>\n\n\n\n<div class=\"wp-block-group is-layout-grid wp-container-core-group-is-layout-9649a0d9 wp-block-group-is-layout-grid\">\n<figure class=\"wp-block-image size-full\"><a href=\"https:\/\/www.basler-bestattungen.ch\/\"><img loading=\"lazy\" decoding=\"async\" width=\"254\" height=\"86\" src=\"https:\/\/www.mvettingen.ch\/wp-content\/uploads\/2025\/10\/Logo-Sponsoren3.jpg\" alt=\"\" class=\"wp-image-391492\"\/><\/a><\/figure>\n<\/div>\n\n\n\n<p><\/p>\n","protected":false},"excerpt":{"rendered":"<p>100 Jahre Musikverein Ettingen Am 14. Juni 2025 feierte der Musikverein Ettingen sein 100-j\u00e4hriges Jubil\u00e4um. Am Samstag, den 13. Dezember 2025, stand der zweite H\u00f6hepunkt des Jubil\u00e4umsjahres an. Das Konzert zur Neu-Uniformierung. Mit dem Konzert zur Neu-Uniformierung wird dieses besondere Jahr geb\u00fchrend abgeschlossen.Weitere Informationen. Unterst\u00fctzen Sie uns mit Ihrer Spende per Twint Jahresprogramm Unsere Sponsoren [&hellip;]<\/p>\n","protected":false},"author":1,"featured_media":0,"parent":0,"menu_order":0,"comment_status":"closed","ping_status":"open","template":"template-full-width.php","meta":{"footnotes":""},"class_list":["post-209","page","type-page","status-publish","hentry"],"_links":{"self":[{"href":"https:\/\/www.mvettingen.ch\/index.php?rest_route=\/wp\/v2\/pages\/209","targetHints":{"allow":["GET"]}}],"collection":[{"href":"https:\/\/www.mvettingen.ch\/index.php?rest_route=\/wp\/v2\/pages"}],"about":[{"href":"https:\/\/www.mvettingen.ch\/index.php?rest_route=\/wp\/v2\/types\/page"}],"author":[{"embeddable":true,"href":"https:\/\/www.mvettingen.ch\/index.php?rest_route=\/wp\/v2\/users\/1"}],"replies":[{"embeddable":true,"href":"https:\/\/www.mvettingen.ch\/index.php?rest_route=%2Fwp%2Fv2%2Fcomments&post=209"}],"version-history":[{"count":72,"href":"https:\/\/www.mvettingen.ch\/index.php?rest_route=\/wp\/v2\/pages\/209\/revisions"}],"predecessor-version":[{"id":391553,"href":"https:\/\/www.mvettingen.ch\/index.php?rest_route=\/wp\/v2\/pages\/209\/revisions\/391553"}],"wp:attachment":[{"href":"https:\/\/www.mvettingen.ch\/index.php?rest_route=%2Fwp%2Fv2%2Fmedia&parent=209"}],"curies":[{"name":"wp","href":"https:\/\/api.w.org\/{rel}","templated":true}]}}