{"id":391443,"date":"2025-05-07T18:24:40","date_gmt":"2025-05-07T16:24:40","guid":{"rendered":"https:\/\/www.mvettingen.ch\/?page_id=391443"},"modified":"2025-05-07T18:45:15","modified_gmt":"2025-05-07T16:45:15","slug":"schnupper-probe","status":"publish","type":"page","link":"https:\/\/www.mvettingen.ch\/?page_id=391443","title":{"rendered":"Schnupper Probe"},"content":{"rendered":"\n<h2 class=\"wp-block-heading\">Dienstag 17. Juni Schnupper Probe<\/h2>\n\n\n\n<p><\/p>\n\n\n\n<p><strong>Achtung, Blasmusik-Fans und solche, die es werden wollen! Der Musikverein Ettingen l\u00e4dt ein zum fr\u00f6hlichen Blasmusik-Abenteuer f\u00fcr Jedermann und Frau!<\/strong><\/p>\n\n\n\n<p>Ettingen \u2013 Haben Sie manchmal das Gef\u00fchl, Ihrem Leben fehlt der gewisse &#8222;Tusch&#8220;? Wollten Sie schon immer mal ein Instrument zum Klingen bringen, ohne gleich eine Opernkarriere anstreben zu m\u00fcssen? Dann aufgepasst! Der Musikverein Ettingen, der in diesem Jahr seinen sagenhaften 100. Geburtstag feiert (ja, wir sind schon ein bisschen \u00e4lter, aber daf\u00fcr umso spielfreudiger!), \u00f6ffnet seine T\u00fcren zur ultimativen <strong>Schnupperprobe am Dienstag, 17. Juni 2025, um 20.00 Uhr in der Aula des Schulhauses Hintere Matten.<\/strong><\/p>\n\n\n\n<p>Wir sind eine quirlige Truppe von aktuell 18 Musikbegeisterten, die eines gemeinsam haben: die unb\u00e4ndige Freude am gemeinsamen Musizieren. Bei uns erwartet Sie kein verstaubtes Notenblatt-Studium, sondern ein lockerer Abend voller guter Laune und vielleicht sogar der Entdeckung Ihres musikalischen Talents!<\/p>\n\n\n\n<p>Egal, ob Sie Ihr Instrument im Keller verstauben lassen, heimlich unter der Dusche singen oder einfach nur mal in die Welt der Blasmusik eintauchen m\u00f6chten \u2013 kommen Sie vorbei! Wir versprechen: Es wird laut, es wird lustig, und es wird garantiert kein Ohrenarzt ben\u00f6tigt (h\u00f6chstens ein breites Grinsen im Gesicht!).<\/p>\n\n\n\n<p>Seien Sie mutig, seien Sie neugierig! Finden Sie heraus, ob in Ihnen ein heimlicher Posaunen-Profi, eine quirlige Querfl\u00f6ten-Queen oder ein rhythmischer Schlagzeug-Held schlummert. Wir freuen uns darauf, Sie mit offenen Armen (und Instrumentenkoffern) zu empfangen!<\/p>\n\n\n\n<p><strong>Wann?<\/strong> Dienstag, 17. Juni 2025, 20.00 Uhr<\/p>\n\n\n\n<p><strong>Wo?<\/strong> Aula Schulhaus Hintere Matten, Ettingen<\/p>\n\n\n\n<p><strong>Was erwartet Sie?<\/strong> Gute Musik, nette Leute und vielleicht der Beginn einer wunderbaren musikalischen Freundschaft!<\/p>\n\n\n\n<p>Bis bald beim fr\u00f6hlichen Blasmusik-Abenteuer in Ettingen!<\/p>\n","protected":false},"excerpt":{"rendered":"<p>Dienstag 17. Juni Schnupper Probe Achtung, Blasmusik-Fans und solche, die es werden wollen! Der Musikverein Ettingen l\u00e4dt ein zum fr\u00f6hlichen Blasmusik-Abenteuer f\u00fcr Jedermann und Frau! Ettingen \u2013 Haben Sie manchmal das Gef\u00fchl, Ihrem Leben fehlt der gewisse &#8222;Tusch&#8220;? Wollten Sie schon immer mal ein Instrument zum Klingen bringen, ohne gleich eine Opernkarriere anstreben zu m\u00fcssen? [&hellip;]<\/p>\n","protected":false},"author":1,"featured_media":0,"parent":0,"menu_order":0,"comment_status":"closed","ping_status":"closed","template":"","meta":{"footnotes":""},"class_list":["post-391443","page","type-page","status-publish","hentry"],"_links":{"self":[{"href":"https:\/\/www.mvettingen.ch\/index.php?rest_route=\/wp\/v2\/pages\/391443","targetHints":{"allow":["GET"]}}],"collection":[{"href":"https:\/\/www.mvettingen.ch\/index.php?rest_route=\/wp\/v2\/pages"}],"about":[{"href":"https:\/\/www.mvettingen.ch\/index.php?rest_route=\/wp\/v2\/types\/page"}],"author":[{"embeddable":true,"href":"https:\/\/www.mvettingen.ch\/index.php?rest_route=\/wp\/v2\/users\/1"}],"replies":[{"embeddable":true,"href":"https:\/\/www.mvettingen.ch\/index.php?rest_route=%2Fwp%2Fv2%2Fcomments&post=391443"}],"version-history":[{"count":2,"href":"https:\/\/www.mvettingen.ch\/index.php?rest_route=\/wp\/v2\/pages\/391443\/revisions"}],"predecessor-version":[{"id":391450,"href":"https:\/\/www.mvettingen.ch\/index.php?rest_route=\/wp\/v2\/pages\/391443\/revisions\/391450"}],"wp:attachment":[{"href":"https:\/\/www.mvettingen.ch\/index.php?rest_route=%2Fwp%2Fv2%2Fmedia&parent=391443"}],"curies":[{"name":"wp","href":"https:\/\/api.w.org\/{rel}","templated":true}]}}